{"id":388,"date":"2016-02-08T15:50:40","date_gmt":"2016-02-08T12:50:40","guid":{"rendered":"https:\/\/the7.io\/marketing-agency\/?page_id=388"},"modified":"2023-04-01T14:38:36","modified_gmt":"2023-04-01T11:38:36","slug":"hakkimizda","status":"publish","type":"page","link":"https:\/\/ardacansigorta.com\/index.php\/hakkimizda\/","title":{"rendered":"Hakk\u0131m\u0131zda"},"content":{"rendered":"<section class=\"wpb-content-wrapper\"><p>[vc_row equal_height=&#8221;yes&#8221; content_placement=&#8221;middle&#8221; type=&#8221;vc_default&#8221; margin_top=&#8221;5&#8243; margin_bottom=&#8221;10&#8243; css=&#8221;.vc_custom_1491748274178{padding-top: 70px !important;padding-bottom: 30px !important;}&#8221;][vc_column]<div id=\"ultimate-heading-252569e0de2ce6f42\" class=\"uvc-heading ult-adjust-bottom-margin ultimate-heading-252569e0de2ce6f42 uvc-5984 \" data-hspacer=\"no_spacer\"  data-halign=\"center\" style=\"text-align:center\"><div class=\"uvc-heading-spacer no_spacer\" style=\"top\"><\/div><div class=\"uvc-main-heading ult-responsive\"  data-ultimate-target='.uvc-heading.ultimate-heading-252569e0de2ce6f42 h2'  data-responsive-json-new='{\"font-size\":\"desktop:44px;\",\"line-height\":\"desktop:54px;\"}' ><h2 style=\"font-weight:bold;margin-bottom:65px;\">Ardacan Sigorta Biz Kimiz?<\/h2><\/div><\/div>[vc_row_inner equal_height=&#8221;yes&#8221; content_placement=&#8221;middle&#8221;][vc_column_inner width=&#8221;1\/2&#8243; css=&#8221;.vc_custom_1491746388981{padding-bottom: 50px !important;}&#8221;]<style type=\"text\/css\" data-type=\"the7_shortcodes-inline-css\">.shortcode-single-image-wrap.shortcode-single-image-53a6ed5bd2e0c24c4ab90a0802e88b4e.enable-bg-rollover .rollover i,\n.shortcode-single-image-wrap.shortcode-single-image-53a6ed5bd2e0c24c4ab90a0802e88b4e.enable-bg-rollover .rollover-video i {\n  background: -webkit-linear-gradient();\n  background: linear-gradient();\n}\n.shortcode-single-image-wrap.shortcode-single-image-53a6ed5bd2e0c24c4ab90a0802e88b4e .rollover-icon {\n  font-size: 32px;\n  color: #ffffff;\n  min-width: 44px;\n  min-height: 44px;\n  line-height: 44px;\n  border-radius: 100px;\n  border-style: solid;\n  border-width: 0px;\n}\n.dt-icon-bg-on.shortcode-single-image-wrap.shortcode-single-image-53a6ed5bd2e0c24c4ab90a0802e88b4e .rollover-icon {\n  background: rgba(255,255,255,0.3);\n  box-shadow: none;\n}\n<\/style><div class=\"shortcode-single-image-wrap shortcode-single-image-53a6ed5bd2e0c24c4ab90a0802e88b4e alignnone  enable-bg-rollover dt-icon-bg-off\" style=\"margin-top:0px; margin-bottom:0px; margin-left:0px; margin-right:0px; width:1000px;\"><div class=\"shortcode-single-image\"><div class=\"fancy-media-wrap  layzr-bg\" style=\"\"><img fetchpriority=\"high\" decoding=\"async\" class=\"preload-me lazy-load aspect\" src=\"data:image\/svg+xml,%3Csvg%20xmlns%3D&#39;http%3A%2F%2Fwww.w3.org%2F2000%2Fsvg&#39;%20viewBox%3D&#39;0%200%201000%20700&#39;%2F%3E\" data-src=\"https:\/\/ardacansigorta.com\/wp-content\/uploads\/2023\/03\/Frame-43-3-1000x700.png\" data-srcset=\"https:\/\/ardacansigorta.com\/wp-content\/uploads\/2023\/03\/Frame-43-3-1000x700.png 1000w, https:\/\/ardacansigorta.com\/wp-content\/uploads\/2023\/03\/Frame-43-3-2000x1400.png 2000w\" loading=\"eager\" sizes=\"(max-width: 1000px) 100vw, 1000px\" width=\"1000\" height=\"700\"  data-dt-location=\"https:\/\/ardacansigorta.com\/index.php\/ana-sayfa\/frame-43-3\/\" style=\"--ratio: 1000 \/ 700;\" alt=\"\" \/><\/div><\/div><\/div>[\/vc_column_inner][vc_column_inner width=&#8221;1\/2&#8243; css=&#8221;.vc_custom_1491746397816{padding-bottom: 50px !important;}&#8221;]<div id=\"ultimate-heading-937569e0de2ce9fba\" class=\"uvc-heading ult-adjust-bottom-margin ultimate-heading-937569e0de2ce9fba uvc-266 \" data-hspacer=\"no_spacer\"  data-halign=\"left\" style=\"text-align:left\"><div class=\"uvc-heading-spacer no_spacer\" style=\"top\"><\/div><div class=\"uvc-main-heading ult-responsive\"  data-ultimate-target='.uvc-heading.ultimate-heading-937569e0de2ce9fba h2'  data-responsive-json-new='{\"font-size\":\"desktop:24px;\",\"line-height\":\"desktop:34px;\"}' ><h2 style=\"font-weight:bold;margin-bottom:25px;\">Her Zaman Yan\u0131n\u0131zda<\/h2><\/div><\/div>[vc_column_text css=&#8221;.vc_custom_1680266964639{padding-bottom: 30px !important;}&#8221;]Ardacan Sigorta <strong>2007<\/strong> y\u0131l\u0131nda <strong>Antalya<\/strong>\u2019da sigorta sekt\u00f6r\u00fcnde faaliyetine ba\u015flam\u0131\u015ft\u0131r. Amac\u0131m\u0131z ge\u00e7mi\u015fte oldu\u011fu gibi gelecekte de en iyi hizmeti ve en uygun fiyatla hizmetinize sunmakt\u0131r.<\/p>\n<p><strong>7\/24<\/strong> hizmet vermekteyiz<\/p>\n<p>Kurulu\u015fumuz ilk g\u00fcnden itibaren kaliteye ve m\u00fc\u015fteri memnuniyetine \u00f6nem vermektedir.<\/p>\n<p>Trafik, kasko, konut, ferdi kaza, sa\u011fl\u0131k, sorumluluk, i\u015fyeri vb. sigortalar hakk\u0131nda bize her zaman ba\u015fvurabilir ve hizmetlerimizde faydalanabilirsiniz.<\/p>\n<p>Bir \u00e7ok hizmetimize <strong>3<\/strong> taksitten <strong>9<\/strong> taksite kadar hizmet vermekteyiz.[\/vc_column_text][\/vc_column_inner][\/vc_row_inner][\/vc_column][\/vc_row][vc_row bg_type=&#8221;image&#8221; parallax_style=&#8221;vcpb-hz-jquery&#8221; bg_image_new=&#8221;id^1611|url^https:\/\/noveriasoftware.net\/ardacansigorta\/wp-content\/uploads\/2016\/02\/bg-mem.png|caption^null|alt^null|title^bg-mem|description^null&#8221; bg_image_size=&#8221;initial&#8221; parallax_sense=&#8221;40&#8243; bg_override=&#8221;ex-full&#8221; type=&#8221;vc_default&#8221; margin_top=&#8221;-50&#8243; css=&#8221;.vc_custom_1563372128150{padding-top: 50px !important;padding-bottom: 0px !important;background-color: #1c66a0 !important;}&#8221;][vc_column width=&#8221;1\/3&#8243; offset=&#8221;vc_col-lg-4 vc_col-md-4&#8243; css=&#8221;.vc_custom_1476022220212{padding-bottom: 40px !important;}&#8221;]<div class=\"stats-block stats-left   vc_custom_1680267108115\"><div class=\"aio-icon-left\"><div class=\"ult-just-icon-wrapper  \"><div class=\"align-icon\" style=\"text-align:center;\">\n<div class=\"aio-icon advanced \"  style=\"color:#ffffff;background:#ec7834;border-style:;border-color:#333333;border-width:1px;width:70px;height:70px;line-height:70px;border-radius:500px;font-size:36px;display:inline-block;\">\n\t<i class=\"icomoon-feather-24x24-head\"><\/i>\n<\/div><\/div><\/div><\/div><div class=\"stats-desc\" id=\"counter-responsv-wrap-1226\"><div id=\"counter_280155715169e0de2cea50c\" data-id=\"counter_280155715169e0de2cea50c\"  data-ultimate-target='#counter-responsv-wrap-1226 .stats-number'  data-responsive-json-new='{\"font-size\":\"desktop:54px;\",\"line-height\":\"desktop:64px;\"}'  class=\"stats-number ult-responsive\" style=\" color:#ffffff; font-family:&#039;Roboto Condensed&#039;;font-weight:bold;color:#ffffff;\" data-speed=\"5\" data-counter-value=\"15\" data-separator=\",\" data-decimal=\".\">0<\/div><div id=\"counter_280155715169e0de2cea50c\"  data-ultimate-target='#counter-responsv-wrap-1226 .stats-text'  data-responsive-json-new='{\"font-size\":\"desktop:24px;\",\"line-height\":\"desktop:34px;\"}'  class=\"stats-text ult-responsive\" style=\"font-size:px; color:#ffffff; font-family:&#039;Roboto Condensed&#039;;font-weight:bold;\">Ekibimiz<\/div><\/div><\/div>[\/vc_column][vc_column width=&#8221;1\/3&#8243; css=&#8221;.vc_custom_1476022224743{padding-bottom: 40px !important;}&#8221;]<div class=\"stats-block stats-left   vc_custom_1680267038876\"><div class=\"aio-icon-left\"><div class=\"ult-just-icon-wrapper  \"><div class=\"align-icon\" style=\"text-align:center;\">\n<div class=\"aio-icon advanced \"  style=\"color:#ffffff;background:#ec7834;border-style:;border-color:#333333;border-width:1px;width:70px;height:70px;line-height:70px;border-radius:500px;font-size:36px;display:inline-block;\">\n\t<i class=\"icomoon-feather-24x24-heart\"><\/i>\n<\/div><\/div><\/div><\/div><div class=\"stats-desc\" id=\"counter-responsv-wrap-8307\"><div id=\"counter_152973298769e0de2cea6d4\" data-id=\"counter_152973298769e0de2cea6d4\"  data-ultimate-target='#counter-responsv-wrap-8307 .stats-number'  data-responsive-json-new='{\"font-size\":\"desktop:54px;\",\"line-height\":\"desktop:64px;\"}'  class=\"stats-number ult-responsive\" style=\" color:#ffffff; font-family:&#039;Roboto Condensed&#039;;font-weight:bold;color:#ffffff;\" data-speed=\"5\" data-counter-value=\"1000\" data-separator=\",\" data-decimal=\".\">0<\/div><div id=\"counter_152973298769e0de2cea6d4\"  data-ultimate-target='#counter-responsv-wrap-8307 .stats-text'  data-responsive-json-new='{\"font-size\":\"desktop:24px;\",\"line-height\":\"desktop:34px;\"}'  class=\"stats-text ult-responsive\" style=\"font-size:px; color:#ffffff; font-family:&#039;Roboto Condensed&#039;;font-weight:bold;\">Mutlu M\u00fc\u015fteriler<\/div><\/div><\/div>[\/vc_column][vc_column width=&#8221;1\/3&#8243; css=&#8221;.vc_custom_1476022230071{padding-bottom: 40px !important;}&#8221;]<div class=\"stats-block stats-left   vc_custom_1680267082767\"><div class=\"aio-icon-left\"><div class=\"ult-just-icon-wrapper  \"><div class=\"align-icon\" style=\"text-align:center;\">\n<div class=\"aio-icon advanced \"  style=\"color:#ffffff;background:#ec7834;border-style:;border-color:#333333;border-width:1px;width:70px;height:70px;line-height:70px;border-radius:500px;font-size:36px;display:inline-block;\">\n\t<i class=\"icomoon-feather-24x24-briefcase\"><\/i>\n<\/div><\/div><\/div><\/div><div class=\"stats-desc\" id=\"counter-responsv-wrap-6481\"><div id=\"counter_83833896769e0de2cea8aa\" data-id=\"counter_83833896769e0de2cea8aa\"  data-ultimate-target='#counter-responsv-wrap-6481 .stats-number'  data-responsive-json-new='{\"font-size\":\"desktop:54px;\",\"line-height\":\"desktop:64px;\"}'  class=\"stats-number ult-responsive\" style=\" color:#ffffff; font-family:&#039;Roboto Condensed&#039;;font-weight:bold;color:#ffffff;\" data-speed=\"5\" data-counter-value=\"100\" data-separator=\",\" data-decimal=\".\">0<\/div><div id=\"counter_83833896769e0de2cea8aa\"  data-ultimate-target='#counter-responsv-wrap-6481 .stats-text'  data-responsive-json-new='{\"font-size\":\"desktop:24px;\",\"line-height\":\"desktop:34px;\"}'  class=\"stats-text ult-responsive\" style=\"font-size:px; color:#ffffff; font-family:&#039;Roboto Condensed&#039;;font-weight:bold;\">Memnuniyet Garantisi<\/div><\/div><\/div>[\/vc_column][\/vc_row]<\/p>\n<\/section>","protected":false},"excerpt":{"rendered":"<p>[vc_row equal_height=&#8221;yes&#8221; content_placement=&#8221;middle&#8221; type=&#8221;vc_default&#8221; margin_top=&#8221;5&#8243; margin_bottom=&#8221;10&#8243; css=&#8221;.vc_custom_1491748274178{padding-top: 70px !important;padding-bottom: 30px !important;}&#8221;][vc_column][vc_row_inner equal_height=&#8221;yes&#8221; content_placement=&#8221;middle&#8221;][vc_column_inner width=&#8221;1\/2&#8243; css=&#8221;.vc_custom_1491746388981{padding-bottom: 50px !important;}&#8221;][\/vc_column_inner][vc_column_inner width=&#8221;1\/2&#8243; css=&#8221;.vc_custom_1491746397816{padding-bottom: 50px !important;}&#8221;][vc_column_text css=&#8221;.vc_custom_1680266964639{padding-bottom: 30px !important;}&#8221;]Ardacan Sigorta 2007 y\u0131l\u0131nda Antalya\u2019da sigorta sekt\u00f6r\u00fcnde faaliyetine ba\u015flam\u0131\u015ft\u0131r. Amac\u0131m\u0131z ge\u00e7mi\u015fte oldu\u011fu gibi gelecekte de en iyi hizmeti ve en uygun fiyatla hizmetinize sunmakt\u0131r. 7\/24 hizmet vermekteyiz Kurulu\u015fumuz ilk g\u00fcnden itibaren kaliteye&hellip;<\/p>\n","protected":false},"author":1,"featured_media":0,"parent":0,"menu_order":5,"comment_status":"closed","ping_status":"closed","template":"","meta":{"footnotes":""},"class_list":["post-388","page","type-page","status-publish","hentry","description-off"],"_links":{"self":[{"href":"https:\/\/ardacansigorta.com\/index.php\/wp-json\/wp\/v2\/pages\/388","targetHints":{"allow":["GET"]}}],"collection":[{"href":"https:\/\/ardacansigorta.com\/index.php\/wp-json\/wp\/v2\/pages"}],"about":[{"href":"https:\/\/ardacansigorta.com\/index.php\/wp-json\/wp\/v2\/types\/page"}],"author":[{"embeddable":true,"href":"https:\/\/ardacansigorta.com\/index.php\/wp-json\/wp\/v2\/users\/1"}],"replies":[{"embeddable":true,"href":"https:\/\/ardacansigorta.com\/index.php\/wp-json\/wp\/v2\/comments?post=388"}],"version-history":[{"count":3,"href":"https:\/\/ardacansigorta.com\/index.php\/wp-json\/wp\/v2\/pages\/388\/revisions"}],"predecessor-version":[{"id":2125,"href":"https:\/\/ardacansigorta.com\/index.php\/wp-json\/wp\/v2\/pages\/388\/revisions\/2125"}],"wp:attachment":[{"href":"https:\/\/ardacansigorta.com\/index.php\/wp-json\/wp\/v2\/media?parent=388"}],"curies":[{"name":"wp","href":"https:\/\/api.w.org\/{rel}","templated":true}]}}